{"id":4876,"date":"2020-04-15T14:28:19","date_gmt":"2020-04-15T18:28:19","guid":{"rendered":"https:\/\/www.ccra-acrc.ca\/conference\/supporters\/"},"modified":"2021-09-20T15:53:55","modified_gmt":"2021-09-20T19:53:55","slug":"supporters","status":"publish","type":"page","link":"https:\/\/stg.ccra-acrc.ca\/fr\/conference\/supporters\/","title":{"rendered":"Devenez partenaire"},"content":{"rendered":"<p>La Conf\u00e9rence canadienne sur la recherche sur le cancer est la seule conf\u00e9rence nationale consacr\u00e9e au domaine de la recherche sur le cancer dans son ensemble. Le grand nombre de personnes participant \u00e0 la conf\u00e9rence (es chercheurs, les stagiaires, les cliniciens, les d\u00e9cideurs et les patients) repr\u00e9sente une occasion unique pour nos partenaires d\u2019\u00e9tablir des liens avec la communaut\u00e9 canadienne de la recherche sur le cancer.<\/p>\n<p>Les partenaires du programme de la Conf\u00e9rence canadienne sur la recherche sur le cancer peuvent participer aux niveaux de partenariat suivants\u00a0:<\/p>\n\n<table id=\"tablepress-3\" class=\"tablepress tablepress-id-3\">\n<thead>\n<tr class=\"row-1\">\n\t<th class=\"column-1\">Niveaux<\/th><th class=\"column-2\">Montant<\/th>\n<\/tr>\n<\/thead>\n<tbody class=\"row-striping row-hover\">\n<tr class=\"row-2\">\n\t<td class=\"column-1\">Platine<\/td><td class=\"column-2\">Plus de 25 000 $<\/td>\n<\/tr>\n<tr class=\"row-3\">\n\t<td class=\"column-1\">Or<\/td><td class=\"column-2\">15 000 $ \u00e0 24 999 $<\/td>\n<\/tr>\n<tr class=\"row-4\">\n\t<td class=\"column-1\">Argent<\/td><td class=\"column-2\">5 000 $ \u00e0 14 999 $<\/td>\n<\/tr>\n<tr class=\"row-5\">\n\t<td class=\"column-1\">Bronze<\/td><td class=\"column-2\">1 000 $ \u00e0 4 999 $<\/td>\n<\/tr>\n<tr class=\"row-6\">\n\t<td class=\"column-1\">Contributeur<\/td><td class=\"column-2\">Moins de 1 000 $<\/td>\n<\/tr>\n<\/tbody>\n<\/table>\n\n<p>Veuillez communiquer avec nous pour obtenir de plus amples renseignements sur la fa\u00e7on de devenir un partenaire de la conf\u00e9rence et sur les avantages qui vous sont accord\u00e9s.<\/p>\n","protected":false},"excerpt":{"rendered":"<p>La Conf\u00e9rence canadienne sur la recherche sur le cancer est la seule conf\u00e9rence nationale consacr\u00e9e au domaine de la recherche sur le cancer dans son ensemble. Le grand nombre de personnes participant \u00e0 la conf\u00e9rence (es chercheurs, les stagiaires, les cliniciens, les d\u00e9cideurs et les patients) repr\u00e9sente une occasion unique pour nos partenaires d\u2019\u00e9tablir des &hellip; <a href=\"https:\/\/stg.ccra-acrc.ca\/fr\/conference\/supporters\/\">Continued<\/a><\/p>\n","protected":false},"author":4,"featured_media":0,"parent":3680,"menu_order":6,"comment_status":"closed","ping_status":"closed","template":"template-supporters.php","meta":{"_acf_changed":false,"_monsterinsights_skip_tracking":false,"_monsterinsights_sitenote_active":false,"_monsterinsights_sitenote_note":"","_monsterinsights_sitenote_category":0,"footnotes":""},"class_list":["post-4876","page","type-page","status-publish","hentry"],"acf":[],"yoast_head":"<!-- This site is optimized with the Yoast SEO plugin v27.3 - https:\/\/yoast.com\/product\/yoast-seo-wordpress\/ -->\n<title>Devenez partenaire - CCRA<\/title>\n<meta name=\"robots\" content=\"index, follow, max-snippet:-1, max-image-preview:large, max-video-preview:-1\" \/>\n<link rel=\"canonical\" href=\"https:\/\/stg.ccra-acrc.ca\/fr\/conference\/supporters\/\" \/>\n<meta property=\"og:locale\" content=\"fr_FR\" \/>\n<meta property=\"og:type\" content=\"article\" \/>\n<meta property=\"og:title\" content=\"Devenez partenaire - CCRA\" \/>\n<meta property=\"og:description\" content=\"La Conf\u00e9rence canadienne sur la recherche sur le cancer est la seule conf\u00e9rence nationale consacr\u00e9e au domaine de la recherche sur le cancer dans son ensemble. Le grand nombre de personnes participant \u00e0 la conf\u00e9rence (es chercheurs, les stagiaires, les cliniciens, les d\u00e9cideurs et les patients) repr\u00e9sente une occasion unique pour nos partenaires d\u2019\u00e9tablir des &hellip; Continued\" \/>\n<meta property=\"og:url\" content=\"https:\/\/stg.ccra-acrc.ca\/fr\/conference\/supporters\/\" \/>\n<meta property=\"og:site_name\" content=\"CCRA\" \/>\n<meta property=\"article:modified_time\" content=\"2021-09-20T19:53:55+00:00\" \/>\n<meta name=\"twitter:card\" content=\"summary_large_image\" \/>\n<meta name=\"twitter:label1\" content=\"Dur\u00e9e de lecture estim\u00e9e\" \/>\n\t<meta name=\"twitter:data1\" content=\"1 minute\" \/>\n<script type=\"application\/ld+json\" class=\"yoast-schema-graph\">{\"@context\":\"https:\\\/\\\/schema.org\",\"@graph\":[{\"@type\":\"WebPage\",\"@id\":\"https:\\\/\\\/stg.ccra-acrc.ca\\\/fr\\\/conference\\\/supporters\\\/\",\"url\":\"https:\\\/\\\/stg.ccra-acrc.ca\\\/fr\\\/conference\\\/supporters\\\/\",\"name\":\"Devenez partenaire - CCRA\",\"isPartOf\":{\"@id\":\"https:\\\/\\\/stg.ccra-acrc.ca\\\/#website\"},\"datePublished\":\"2020-04-15T18:28:19+00:00\",\"dateModified\":\"2021-09-20T19:53:55+00:00\",\"breadcrumb\":{\"@id\":\"https:\\\/\\\/stg.ccra-acrc.ca\\\/fr\\\/conference\\\/supporters\\\/#breadcrumb\"},\"inLanguage\":\"fr-FR\",\"potentialAction\":[{\"@type\":\"ReadAction\",\"target\":[\"https:\\\/\\\/stg.ccra-acrc.ca\\\/fr\\\/conference\\\/supporters\\\/\"]}]},{\"@type\":\"BreadcrumbList\",\"@id\":\"https:\\\/\\\/stg.ccra-acrc.ca\\\/fr\\\/conference\\\/supporters\\\/#breadcrumb\",\"itemListElement\":[{\"@type\":\"ListItem\",\"position\":1,\"name\":\"Conf\u00e9rence\",\"item\":\"https:\\\/\\\/stg.ccra-acrc.ca\\\/fr\\\/conference\\\/\"},{\"@type\":\"ListItem\",\"position\":2,\"name\":\"Devenez partenaire\"}]},{\"@type\":\"WebSite\",\"@id\":\"https:\\\/\\\/stg.ccra-acrc.ca\\\/#website\",\"url\":\"https:\\\/\\\/stg.ccra-acrc.ca\\\/\",\"name\":\"CCRA\",\"description\":\"The Canadian Cancer Research Alliance\",\"publisher\":{\"@id\":\"https:\\\/\\\/stg.ccra-acrc.ca\\\/#organization\"},\"potentialAction\":[{\"@type\":\"SearchAction\",\"target\":{\"@type\":\"EntryPoint\",\"urlTemplate\":\"https:\\\/\\\/stg.ccra-acrc.ca\\\/?s={search_term_string}\"},\"query-input\":{\"@type\":\"PropertyValueSpecification\",\"valueRequired\":true,\"valueName\":\"search_term_string\"}}],\"inLanguage\":\"fr-FR\"},{\"@type\":\"Organization\",\"@id\":\"https:\\\/\\\/stg.ccra-acrc.ca\\\/#organization\",\"name\":\"Canadian Cancer Research Conference\",\"url\":\"https:\\\/\\\/stg.ccra-acrc.ca\\\/\",\"logo\":{\"@type\":\"ImageObject\",\"inLanguage\":\"fr-FR\",\"@id\":\"https:\\\/\\\/stg.ccra-acrc.ca\\\/#\\\/schema\\\/logo\\\/image\\\/\",\"url\":\"https:\\\/\\\/www.ccra-acrc.ca\\\/wp-content\\\/uploads\\\/2017\\\/01\\\/ccra_logo.jpg\",\"contentUrl\":\"https:\\\/\\\/www.ccra-acrc.ca\\\/wp-content\\\/uploads\\\/2017\\\/01\\\/ccra_logo.jpg\",\"width\":108,\"height\":78,\"caption\":\"Canadian Cancer Research Conference\"},\"image\":{\"@id\":\"https:\\\/\\\/stg.ccra-acrc.ca\\\/#\\\/schema\\\/logo\\\/image\\\/\"}}]}<\/script>\n<!-- \/ Yoast SEO plugin. -->","yoast_head_json":{"title":"Devenez partenaire - CCRA","robots":{"index":"index","follow":"follow","max-snippet":"max-snippet:-1","max-image-preview":"max-image-preview:large","max-video-preview":"max-video-preview:-1"},"canonical":"https:\/\/stg.ccra-acrc.ca\/fr\/conference\/supporters\/","og_locale":"fr_FR","og_type":"article","og_title":"Devenez partenaire - CCRA","og_description":"La Conf\u00e9rence canadienne sur la recherche sur le cancer est la seule conf\u00e9rence nationale consacr\u00e9e au domaine de la recherche sur le cancer dans son ensemble. Le grand nombre de personnes participant \u00e0 la conf\u00e9rence (es chercheurs, les stagiaires, les cliniciens, les d\u00e9cideurs et les patients) repr\u00e9sente une occasion unique pour nos partenaires d\u2019\u00e9tablir des &hellip; Continued","og_url":"https:\/\/stg.ccra-acrc.ca\/fr\/conference\/supporters\/","og_site_name":"CCRA","article_modified_time":"2021-09-20T19:53:55+00:00","twitter_card":"summary_large_image","twitter_misc":{"Dur\u00e9e de lecture estim\u00e9e":"1 minute"},"schema":{"@context":"https:\/\/schema.org","@graph":[{"@type":"WebPage","@id":"https:\/\/stg.ccra-acrc.ca\/fr\/conference\/supporters\/","url":"https:\/\/stg.ccra-acrc.ca\/fr\/conference\/supporters\/","name":"Devenez partenaire - CCRA","isPartOf":{"@id":"https:\/\/stg.ccra-acrc.ca\/#website"},"datePublished":"2020-04-15T18:28:19+00:00","dateModified":"2021-09-20T19:53:55+00:00","breadcrumb":{"@id":"https:\/\/stg.ccra-acrc.ca\/fr\/conference\/supporters\/#breadcrumb"},"inLanguage":"fr-FR","potentialAction":[{"@type":"ReadAction","target":["https:\/\/stg.ccra-acrc.ca\/fr\/conference\/supporters\/"]}]},{"@type":"BreadcrumbList","@id":"https:\/\/stg.ccra-acrc.ca\/fr\/conference\/supporters\/#breadcrumb","itemListElement":[{"@type":"ListItem","position":1,"name":"Conf\u00e9rence","item":"https:\/\/stg.ccra-acrc.ca\/fr\/conference\/"},{"@type":"ListItem","position":2,"name":"Devenez partenaire"}]},{"@type":"WebSite","@id":"https:\/\/stg.ccra-acrc.ca\/#website","url":"https:\/\/stg.ccra-acrc.ca\/","name":"CCRA","description":"The Canadian Cancer Research Alliance","publisher":{"@id":"https:\/\/stg.ccra-acrc.ca\/#organization"},"potentialAction":[{"@type":"SearchAction","target":{"@type":"EntryPoint","urlTemplate":"https:\/\/stg.ccra-acrc.ca\/?s={search_term_string}"},"query-input":{"@type":"PropertyValueSpecification","valueRequired":true,"valueName":"search_term_string"}}],"inLanguage":"fr-FR"},{"@type":"Organization","@id":"https:\/\/stg.ccra-acrc.ca\/#organization","name":"Canadian Cancer Research Conference","url":"https:\/\/stg.ccra-acrc.ca\/","logo":{"@type":"ImageObject","inLanguage":"fr-FR","@id":"https:\/\/stg.ccra-acrc.ca\/#\/schema\/logo\/image\/","url":"https:\/\/www.ccra-acrc.ca\/wp-content\/uploads\/2017\/01\/ccra_logo.jpg","contentUrl":"https:\/\/www.ccra-acrc.ca\/wp-content\/uploads\/2017\/01\/ccra_logo.jpg","width":108,"height":78,"caption":"Canadian Cancer Research Conference"},"image":{"@id":"https:\/\/stg.ccra-acrc.ca\/#\/schema\/logo\/image\/"}}]}},"_links":{"self":[{"href":"https:\/\/stg.ccra-acrc.ca\/fr\/wp-json\/wp\/v2\/pages\/4876","targetHints":{"allow":["GET"]}}],"collection":[{"href":"https:\/\/stg.ccra-acrc.ca\/fr\/wp-json\/wp\/v2\/pages"}],"about":[{"href":"https:\/\/stg.ccra-acrc.ca\/fr\/wp-json\/wp\/v2\/types\/page"}],"author":[{"embeddable":true,"href":"https:\/\/stg.ccra-acrc.ca\/fr\/wp-json\/wp\/v2\/users\/4"}],"replies":[{"embeddable":true,"href":"https:\/\/stg.ccra-acrc.ca\/fr\/wp-json\/wp\/v2\/comments?post=4876"}],"version-history":[{"count":0,"href":"https:\/\/stg.ccra-acrc.ca\/fr\/wp-json\/wp\/v2\/pages\/4876\/revisions"}],"up":[{"embeddable":true,"href":"https:\/\/stg.ccra-acrc.ca\/fr\/wp-json\/wp\/v2\/pages\/3680"}],"wp:attachment":[{"href":"https:\/\/stg.ccra-acrc.ca\/fr\/wp-json\/wp\/v2\/media?parent=4876"}],"curies":[{"name":"wp","href":"https:\/\/api.w.org\/{rel}","templated":true}]}}