{"id":2714,"date":"2019-06-20T10:01:40","date_gmt":"2019-06-20T14:01:40","guid":{"rendered":"https:\/\/stg.ccra-acrc.ca\/tools\/cancer-risk-and-prevention-visualization\/"},"modified":"2020-05-27T16:52:39","modified_gmt":"2020-05-27T20:52:39","slug":"cancer-risk-and-prevention-visualization","status":"publish","type":"page","link":"https:\/\/stg.ccra-acrc.ca\/fr\/tools\/cancer-risk-and-prevention-visualization\/","title":{"rendered":"Visualisation des donn\u00e9es sur les facteurs de risque de cancer et la pr\u00e9vention"},"content":{"rendered":"","protected":false},"excerpt":{"rendered":"","protected":false},"author":4,"featured_media":0,"parent":2707,"menu_order":7,"comment_status":"closed","ping_status":"closed","template":"template-1col.php","meta":{"_acf_changed":false,"_monsterinsights_skip_tracking":false,"_monsterinsights_sitenote_active":false,"_monsterinsights_sitenote_note":"","_monsterinsights_sitenote_category":0,"footnotes":""},"class_list":["post-2714","page","type-page","status-publish","hentry"],"acf":[],"yoast_head":"<!-- This site is optimized with the Yoast SEO plugin v27.3 - https:\/\/yoast.com\/product\/yoast-seo-wordpress\/ -->\n<title>Visualisation des donn\u00e9es sur les facteurs de risque de cancer et la pr\u00e9vention | Outils | ACRC<\/title>\n<meta name=\"description\" content=\"D\u00e9couvrez l\u2019\u00e9volution de l\u2019investissement dans la recherche sur les facteurs de risque de cancer et la pr\u00e9vention sur 12 ans, de 2005 \u00e0 2016.\" \/>\n<meta name=\"robots\" content=\"index, follow, max-snippet:-1, max-image-preview:large, max-video-preview:-1\" \/>\n<link rel=\"canonical\" href=\"https:\/\/stg.ccra-acrc.ca\/fr\/tools\/cancer-risk-and-prevention-visualization\/\" \/>\n<meta property=\"og:locale\" content=\"fr_FR\" \/>\n<meta property=\"og:type\" content=\"article\" \/>\n<meta property=\"og:title\" content=\"Visualisation des donn\u00e9es sur les facteurs de risque de cancer et la pr\u00e9vention | Outils | ACRC\" \/>\n<meta property=\"og:description\" content=\"D\u00e9couvrez l\u2019\u00e9volution de l\u2019investissement dans la recherche sur les facteurs de risque de cancer et la pr\u00e9vention sur 12 ans, de 2005 \u00e0 2016.\" \/>\n<meta property=\"og:url\" content=\"https:\/\/stg.ccra-acrc.ca\/fr\/tools\/cancer-risk-and-prevention-visualization\/\" \/>\n<meta property=\"og:site_name\" content=\"CCRA\" \/>\n<meta property=\"article:modified_time\" content=\"2020-05-27T20:52:39+00:00\" \/>\n<meta name=\"twitter:card\" content=\"summary_large_image\" \/>\n<script type=\"application\/ld+json\" class=\"yoast-schema-graph\">{\"@context\":\"https:\\\/\\\/schema.org\",\"@graph\":[{\"@type\":\"WebPage\",\"@id\":\"https:\\\/\\\/stg.ccra-acrc.ca\\\/fr\\\/tools\\\/cancer-risk-and-prevention-visualization\\\/\",\"url\":\"https:\\\/\\\/stg.ccra-acrc.ca\\\/fr\\\/tools\\\/cancer-risk-and-prevention-visualization\\\/\",\"name\":\"Visualisation des donn\u00e9es sur les facteurs de risque de cancer et la pr\u00e9vention | Outils | ACRC\",\"isPartOf\":{\"@id\":\"https:\\\/\\\/stg.ccra-acrc.ca\\\/#website\"},\"datePublished\":\"2019-06-20T14:01:40+00:00\",\"dateModified\":\"2020-05-27T20:52:39+00:00\",\"description\":\"D\u00e9couvrez l\u2019\u00e9volution de l\u2019investissement dans la recherche sur les facteurs de risque de cancer et la pr\u00e9vention sur 12 ans, de 2005 \u00e0 2016.\",\"breadcrumb\":{\"@id\":\"https:\\\/\\\/stg.ccra-acrc.ca\\\/fr\\\/tools\\\/cancer-risk-and-prevention-visualization\\\/#breadcrumb\"},\"inLanguage\":\"fr-FR\",\"potentialAction\":[{\"@type\":\"ReadAction\",\"target\":[\"https:\\\/\\\/stg.ccra-acrc.ca\\\/fr\\\/tools\\\/cancer-risk-and-prevention-visualization\\\/\"]}]},{\"@type\":\"BreadcrumbList\",\"@id\":\"https:\\\/\\\/stg.ccra-acrc.ca\\\/fr\\\/tools\\\/cancer-risk-and-prevention-visualization\\\/#breadcrumb\",\"itemListElement\":[{\"@type\":\"ListItem\",\"position\":1,\"name\":\"Outils\",\"item\":\"https:\\\/\\\/stg.ccra-acrc.ca\\\/fr\\\/tools\\\/\"},{\"@type\":\"ListItem\",\"position\":2,\"name\":\"Visualisation des donn\u00e9es sur les facteurs de risque de cancer et la pr\u00e9vention\"}]},{\"@type\":\"WebSite\",\"@id\":\"https:\\\/\\\/stg.ccra-acrc.ca\\\/#website\",\"url\":\"https:\\\/\\\/stg.ccra-acrc.ca\\\/\",\"name\":\"CCRA\",\"description\":\"The Canadian Cancer Research Alliance\",\"publisher\":{\"@id\":\"https:\\\/\\\/stg.ccra-acrc.ca\\\/#organization\"},\"potentialAction\":[{\"@type\":\"SearchAction\",\"target\":{\"@type\":\"EntryPoint\",\"urlTemplate\":\"https:\\\/\\\/stg.ccra-acrc.ca\\\/?s={search_term_string}\"},\"query-input\":{\"@type\":\"PropertyValueSpecification\",\"valueRequired\":true,\"valueName\":\"search_term_string\"}}],\"inLanguage\":\"fr-FR\"},{\"@type\":\"Organization\",\"@id\":\"https:\\\/\\\/stg.ccra-acrc.ca\\\/#organization\",\"name\":\"Canadian Cancer Research Conference\",\"url\":\"https:\\\/\\\/stg.ccra-acrc.ca\\\/\",\"logo\":{\"@type\":\"ImageObject\",\"inLanguage\":\"fr-FR\",\"@id\":\"https:\\\/\\\/stg.ccra-acrc.ca\\\/#\\\/schema\\\/logo\\\/image\\\/\",\"url\":\"https:\\\/\\\/www.ccra-acrc.ca\\\/wp-content\\\/uploads\\\/2017\\\/01\\\/ccra_logo.jpg\",\"contentUrl\":\"https:\\\/\\\/www.ccra-acrc.ca\\\/wp-content\\\/uploads\\\/2017\\\/01\\\/ccra_logo.jpg\",\"width\":108,\"height\":78,\"caption\":\"Canadian Cancer Research Conference\"},\"image\":{\"@id\":\"https:\\\/\\\/stg.ccra-acrc.ca\\\/#\\\/schema\\\/logo\\\/image\\\/\"}}]}<\/script>\n<!-- \/ Yoast SEO plugin. -->","yoast_head_json":{"title":"Visualisation des donn\u00e9es sur les facteurs de risque de cancer et la pr\u00e9vention | Outils | ACRC","description":"D\u00e9couvrez l\u2019\u00e9volution de l\u2019investissement dans la recherche sur les facteurs de risque de cancer et la pr\u00e9vention sur 12 ans, de 2005 \u00e0 2016.","robots":{"index":"index","follow":"follow","max-snippet":"max-snippet:-1","max-image-preview":"max-image-preview:large","max-video-preview":"max-video-preview:-1"},"canonical":"https:\/\/stg.ccra-acrc.ca\/fr\/tools\/cancer-risk-and-prevention-visualization\/","og_locale":"fr_FR","og_type":"article","og_title":"Visualisation des donn\u00e9es sur les facteurs de risque de cancer et la pr\u00e9vention | Outils | ACRC","og_description":"D\u00e9couvrez l\u2019\u00e9volution de l\u2019investissement dans la recherche sur les facteurs de risque de cancer et la pr\u00e9vention sur 12 ans, de 2005 \u00e0 2016.","og_url":"https:\/\/stg.ccra-acrc.ca\/fr\/tools\/cancer-risk-and-prevention-visualization\/","og_site_name":"CCRA","article_modified_time":"2020-05-27T20:52:39+00:00","twitter_card":"summary_large_image","schema":{"@context":"https:\/\/schema.org","@graph":[{"@type":"WebPage","@id":"https:\/\/stg.ccra-acrc.ca\/fr\/tools\/cancer-risk-and-prevention-visualization\/","url":"https:\/\/stg.ccra-acrc.ca\/fr\/tools\/cancer-risk-and-prevention-visualization\/","name":"Visualisation des donn\u00e9es sur les facteurs de risque de cancer et la pr\u00e9vention | Outils | ACRC","isPartOf":{"@id":"https:\/\/stg.ccra-acrc.ca\/#website"},"datePublished":"2019-06-20T14:01:40+00:00","dateModified":"2020-05-27T20:52:39+00:00","description":"D\u00e9couvrez l\u2019\u00e9volution de l\u2019investissement dans la recherche sur les facteurs de risque de cancer et la pr\u00e9vention sur 12 ans, de 2005 \u00e0 2016.","breadcrumb":{"@id":"https:\/\/stg.ccra-acrc.ca\/fr\/tools\/cancer-risk-and-prevention-visualization\/#breadcrumb"},"inLanguage":"fr-FR","potentialAction":[{"@type":"ReadAction","target":["https:\/\/stg.ccra-acrc.ca\/fr\/tools\/cancer-risk-and-prevention-visualization\/"]}]},{"@type":"BreadcrumbList","@id":"https:\/\/stg.ccra-acrc.ca\/fr\/tools\/cancer-risk-and-prevention-visualization\/#breadcrumb","itemListElement":[{"@type":"ListItem","position":1,"name":"Outils","item":"https:\/\/stg.ccra-acrc.ca\/fr\/tools\/"},{"@type":"ListItem","position":2,"name":"Visualisation des donn\u00e9es sur les facteurs de risque de cancer et la pr\u00e9vention"}]},{"@type":"WebSite","@id":"https:\/\/stg.ccra-acrc.ca\/#website","url":"https:\/\/stg.ccra-acrc.ca\/","name":"CCRA","description":"The Canadian Cancer Research Alliance","publisher":{"@id":"https:\/\/stg.ccra-acrc.ca\/#organization"},"potentialAction":[{"@type":"SearchAction","target":{"@type":"EntryPoint","urlTemplate":"https:\/\/stg.ccra-acrc.ca\/?s={search_term_string}"},"query-input":{"@type":"PropertyValueSpecification","valueRequired":true,"valueName":"search_term_string"}}],"inLanguage":"fr-FR"},{"@type":"Organization","@id":"https:\/\/stg.ccra-acrc.ca\/#organization","name":"Canadian Cancer Research Conference","url":"https:\/\/stg.ccra-acrc.ca\/","logo":{"@type":"ImageObject","inLanguage":"fr-FR","@id":"https:\/\/stg.ccra-acrc.ca\/#\/schema\/logo\/image\/","url":"https:\/\/www.ccra-acrc.ca\/wp-content\/uploads\/2017\/01\/ccra_logo.jpg","contentUrl":"https:\/\/www.ccra-acrc.ca\/wp-content\/uploads\/2017\/01\/ccra_logo.jpg","width":108,"height":78,"caption":"Canadian Cancer Research Conference"},"image":{"@id":"https:\/\/stg.ccra-acrc.ca\/#\/schema\/logo\/image\/"}}]}},"_links":{"self":[{"href":"https:\/\/stg.ccra-acrc.ca\/fr\/wp-json\/wp\/v2\/pages\/2714","targetHints":{"allow":["GET"]}}],"collection":[{"href":"https:\/\/stg.ccra-acrc.ca\/fr\/wp-json\/wp\/v2\/pages"}],"about":[{"href":"https:\/\/stg.ccra-acrc.ca\/fr\/wp-json\/wp\/v2\/types\/page"}],"author":[{"embeddable":true,"href":"https:\/\/stg.ccra-acrc.ca\/fr\/wp-json\/wp\/v2\/users\/4"}],"replies":[{"embeddable":true,"href":"https:\/\/stg.ccra-acrc.ca\/fr\/wp-json\/wp\/v2\/comments?post=2714"}],"version-history":[{"count":0,"href":"https:\/\/stg.ccra-acrc.ca\/fr\/wp-json\/wp\/v2\/pages\/2714\/revisions"}],"up":[{"embeddable":true,"href":"https:\/\/stg.ccra-acrc.ca\/fr\/wp-json\/wp\/v2\/pages\/2707"}],"wp:attachment":[{"href":"https:\/\/stg.ccra-acrc.ca\/fr\/wp-json\/wp\/v2\/media?parent=2714"}],"curies":[{"name":"wp","href":"https:\/\/api.w.org\/{rel}","templated":true}]}}