{"id":2706,"date":"2016-11-25T21:53:17","date_gmt":"2016-11-26T02:53:17","guid":{"rendered":"https:\/\/stg.ccra-acrc.ca\/contact-us\/"},"modified":"2020-08-27T14:53:14","modified_gmt":"2020-08-27T18:53:14","slug":"contact-us","status":"publish","type":"page","link":"https:\/\/stg.ccra-acrc.ca\/fr\/contact-us\/","title":{"rendered":"Contactez-nous"},"content":{"rendered":"<h2>Renseignements g\u00e9n\u00e9raux<\/h2>\n<p>Courriel :\u00a0<a href=\"mailto:info@ccra-acrc.ca\">info@ccra-acrc.ca<\/a><\/p>\n<h2>Adresse postale<\/h2>\n<p>Alliance canadienne pour la recherche sur le cancer (ACRC)<br \/>\n145, rue King Ouest, bureau 900<br \/>\nToronto (Ontario) M5H 1J8<\/p>\n<p><b>Directrice g\u00e9n\u00e9rale\u00a0<\/b><br \/>\nD<sup>re<\/sup> Sara Urowitz, M.S.S., Ph. D.<br \/>\nT\u00e9l\u00e9phone : 416.619.5569<br \/>\nT\u00e9l\u00e9copieur : 416.915.9224<br \/>\nCourriel :\u00a0<a href=\"mailto:sara.urowitz@partnershipagainstcancer.ca\">sara.urowitz@partenariatcontrelecancer.ca<\/a><br \/>\n<b><\/b><\/p>\n<p><b>Enqu\u00eate canadienne sur la recherche sur le cancer (ECRC)\/rapports sur les investissements<\/b><br \/>\nKimberly Badovinac, MA, MBA<br \/>\nDirectrice de programme, ACRC<br \/>\nT\u00e9l\u00e9phone : 416.619.6265<br \/>\nT\u00e9l\u00e9copieur : 416.915.9224<br \/>\nCourriel :\u00a0<a href=\"mailto:kimberly.badovinac@partnershipagainstcancer.ca\">kimberly.badovinac@partenariatcontrelecancer.ca<\/a><br \/>\n<b><\/b><\/p>\n<p><b>Conf\u00e9rence canadienne sur la recherche sur le cancer (CCRC)<\/b><br \/>\nD<sup>re<\/sup> Louisa Salemi, Ph. D.<br \/>\nSp\u00e9cialiste, Relations scientifiques et internationales<br \/>\nT\u00e9l\u00e9phone : 416.915.9222 poste 5819<br \/>\nT\u00e9l\u00e9copieur : 416.915.9224<br \/>\nCourriel : <a href=\"mailto:louisa.salemi@partnershipagainstcancer.ca\">louisa.salemi@partenariatcontrelecancer.ca<\/a><\/p>\n<p>Veuillez noter que l\u2019ACRC n\u2019est pas un organisme de bienfaisance enregistr\u00e9 et ne peut accepter de dons. Si vous souhaitez faire un don \u00e0 un organisme de bienfaisance qui finance la recherche sur le cancer, veuillez vous adresser \u00e0 l\u2019un de nos <a href=\"https:\/\/www.ccra-acrc.ca\/fr\/about-us\/members\/\">membres<\/a>.<\/p>\n<p>&nbsp;<\/p>\n","protected":false},"excerpt":{"rendered":"<p>Renseignements g\u00e9n\u00e9raux Courriel :\u00a0info@ccra-acrc.ca Adresse postale Alliance canadienne pour la recherche sur le cancer (ACRC) 145, rue King Ouest, bureau 900 Toronto (Ontario) M5H 1J8 Directrice g\u00e9n\u00e9rale\u00a0 Dre Sara Urowitz, M.S.S., Ph. D. T\u00e9l\u00e9phone : 416.619.5569 T\u00e9l\u00e9copieur : 416.915.9224 Courriel :\u00a0sara.urowitz@partenariatcontrelecancer.ca Enqu\u00eate canadienne sur la recherche sur le cancer (ECRC)\/rapports sur les investissements Kimberly Badovinac, &hellip; <a href=\"https:\/\/stg.ccra-acrc.ca\/fr\/contact-us\/\">Continued<\/a><\/p>\n","protected":false},"author":4,"featured_media":0,"parent":0,"menu_order":8,"comment_status":"closed","ping_status":"closed","template":"template-general.php","meta":{"_acf_changed":false,"_monsterinsights_skip_tracking":false,"_monsterinsights_sitenote_active":false,"_monsterinsights_sitenote_note":"","_monsterinsights_sitenote_category":0,"footnotes":""},"class_list":["post-2706","page","type-page","status-publish","hentry"],"acf":[],"yoast_head":"<!-- This site is optimized with the Yoast SEO plugin v27.4 - https:\/\/yoast.com\/product\/yoast-seo-wordpress\/ -->\n<title>Contactez-nous | Alliance canadienne pour la recherche sur le cancer (ACRC)<\/title>\n<meta name=\"description\" content=\"Communiquez avec l&#039;Alliance canadienne pour la recherche sur le cancer (ACRC).\" \/>\n<meta name=\"robots\" content=\"index, follow, max-snippet:-1, max-image-preview:large, max-video-preview:-1\" \/>\n<link rel=\"canonical\" href=\"https:\/\/stg.ccra-acrc.ca\/fr\/contact-us\/\" \/>\n<meta property=\"og:locale\" content=\"fr_FR\" \/>\n<meta property=\"og:type\" content=\"article\" \/>\n<meta property=\"og:title\" content=\"Contactez-nous | Alliance canadienne pour la recherche sur le cancer (ACRC)\" \/>\n<meta property=\"og:description\" content=\"Communiquez avec l&#039;Alliance canadienne pour la recherche sur le cancer (ACRC).\" \/>\n<meta property=\"og:url\" content=\"https:\/\/stg.ccra-acrc.ca\/fr\/contact-us\/\" \/>\n<meta property=\"og:site_name\" content=\"CCRA\" \/>\n<meta property=\"article:modified_time\" content=\"2020-08-27T18:53:14+00:00\" \/>\n<meta name=\"twitter:card\" content=\"summary_large_image\" \/>\n<meta name=\"twitter:label1\" content=\"Dur\u00e9e de lecture estim\u00e9e\" \/>\n\t<meta name=\"twitter:data1\" content=\"1 minute\" \/>\n<script type=\"application\/ld+json\" class=\"yoast-schema-graph\">{\"@context\":\"https:\\\/\\\/schema.org\",\"@graph\":[{\"@type\":\"WebPage\",\"@id\":\"https:\\\/\\\/stg.ccra-acrc.ca\\\/fr\\\/contact-us\\\/\",\"url\":\"https:\\\/\\\/stg.ccra-acrc.ca\\\/fr\\\/contact-us\\\/\",\"name\":\"Contactez-nous | Alliance canadienne pour la recherche sur le cancer (ACRC)\",\"isPartOf\":{\"@id\":\"https:\\\/\\\/stg.ccra-acrc.ca\\\/#website\"},\"datePublished\":\"2016-11-26T02:53:17+00:00\",\"dateModified\":\"2020-08-27T18:53:14+00:00\",\"description\":\"Communiquez avec l'Alliance canadienne pour la recherche sur le cancer (ACRC).\",\"inLanguage\":\"fr-FR\",\"potentialAction\":[{\"@type\":\"ReadAction\",\"target\":[\"https:\\\/\\\/stg.ccra-acrc.ca\\\/fr\\\/contact-us\\\/\"]}]},{\"@type\":\"WebSite\",\"@id\":\"https:\\\/\\\/stg.ccra-acrc.ca\\\/#website\",\"url\":\"https:\\\/\\\/stg.ccra-acrc.ca\\\/\",\"name\":\"CCRA\",\"description\":\"The Canadian Cancer Research Alliance\",\"publisher\":{\"@id\":\"https:\\\/\\\/stg.ccra-acrc.ca\\\/#organization\"},\"potentialAction\":[{\"@type\":\"SearchAction\",\"target\":{\"@type\":\"EntryPoint\",\"urlTemplate\":\"https:\\\/\\\/stg.ccra-acrc.ca\\\/?s={search_term_string}\"},\"query-input\":{\"@type\":\"PropertyValueSpecification\",\"valueRequired\":true,\"valueName\":\"search_term_string\"}}],\"inLanguage\":\"fr-FR\"},{\"@type\":\"Organization\",\"@id\":\"https:\\\/\\\/stg.ccra-acrc.ca\\\/#organization\",\"name\":\"Canadian Cancer Research Conference\",\"url\":\"https:\\\/\\\/stg.ccra-acrc.ca\\\/\",\"logo\":{\"@type\":\"ImageObject\",\"inLanguage\":\"fr-FR\",\"@id\":\"https:\\\/\\\/stg.ccra-acrc.ca\\\/#\\\/schema\\\/logo\\\/image\\\/\",\"url\":\"https:\\\/\\\/www.ccra-acrc.ca\\\/wp-content\\\/uploads\\\/2017\\\/01\\\/ccra_logo.jpg\",\"contentUrl\":\"https:\\\/\\\/www.ccra-acrc.ca\\\/wp-content\\\/uploads\\\/2017\\\/01\\\/ccra_logo.jpg\",\"width\":108,\"height\":78,\"caption\":\"Canadian Cancer Research Conference\"},\"image\":{\"@id\":\"https:\\\/\\\/stg.ccra-acrc.ca\\\/#\\\/schema\\\/logo\\\/image\\\/\"}}]}<\/script>\n<!-- \/ Yoast SEO plugin. -->","yoast_head_json":{"title":"Contactez-nous | Alliance canadienne pour la recherche sur le cancer (ACRC)","description":"Communiquez avec l'Alliance canadienne pour la recherche sur le cancer (ACRC).","robots":{"index":"index","follow":"follow","max-snippet":"max-snippet:-1","max-image-preview":"max-image-preview:large","max-video-preview":"max-video-preview:-1"},"canonical":"https:\/\/stg.ccra-acrc.ca\/fr\/contact-us\/","og_locale":"fr_FR","og_type":"article","og_title":"Contactez-nous | Alliance canadienne pour la recherche sur le cancer (ACRC)","og_description":"Communiquez avec l'Alliance canadienne pour la recherche sur le cancer (ACRC).","og_url":"https:\/\/stg.ccra-acrc.ca\/fr\/contact-us\/","og_site_name":"CCRA","article_modified_time":"2020-08-27T18:53:14+00:00","twitter_card":"summary_large_image","twitter_misc":{"Dur\u00e9e de lecture estim\u00e9e":"1 minute"},"schema":{"@context":"https:\/\/schema.org","@graph":[{"@type":"WebPage","@id":"https:\/\/stg.ccra-acrc.ca\/fr\/contact-us\/","url":"https:\/\/stg.ccra-acrc.ca\/fr\/contact-us\/","name":"Contactez-nous | Alliance canadienne pour la recherche sur le cancer (ACRC)","isPartOf":{"@id":"https:\/\/stg.ccra-acrc.ca\/#website"},"datePublished":"2016-11-26T02:53:17+00:00","dateModified":"2020-08-27T18:53:14+00:00","description":"Communiquez avec l'Alliance canadienne pour la recherche sur le cancer (ACRC).","inLanguage":"fr-FR","potentialAction":[{"@type":"ReadAction","target":["https:\/\/stg.ccra-acrc.ca\/fr\/contact-us\/"]}]},{"@type":"WebSite","@id":"https:\/\/stg.ccra-acrc.ca\/#website","url":"https:\/\/stg.ccra-acrc.ca\/","name":"CCRA","description":"The Canadian Cancer Research Alliance","publisher":{"@id":"https:\/\/stg.ccra-acrc.ca\/#organization"},"potentialAction":[{"@type":"SearchAction","target":{"@type":"EntryPoint","urlTemplate":"https:\/\/stg.ccra-acrc.ca\/?s={search_term_string}"},"query-input":{"@type":"PropertyValueSpecification","valueRequired":true,"valueName":"search_term_string"}}],"inLanguage":"fr-FR"},{"@type":"Organization","@id":"https:\/\/stg.ccra-acrc.ca\/#organization","name":"Canadian Cancer Research Conference","url":"https:\/\/stg.ccra-acrc.ca\/","logo":{"@type":"ImageObject","inLanguage":"fr-FR","@id":"https:\/\/stg.ccra-acrc.ca\/#\/schema\/logo\/image\/","url":"https:\/\/www.ccra-acrc.ca\/wp-content\/uploads\/2017\/01\/ccra_logo.jpg","contentUrl":"https:\/\/www.ccra-acrc.ca\/wp-content\/uploads\/2017\/01\/ccra_logo.jpg","width":108,"height":78,"caption":"Canadian Cancer Research Conference"},"image":{"@id":"https:\/\/stg.ccra-acrc.ca\/#\/schema\/logo\/image\/"}}]}},"_links":{"self":[{"href":"https:\/\/stg.ccra-acrc.ca\/fr\/wp-json\/wp\/v2\/pages\/2706","targetHints":{"allow":["GET"]}}],"collection":[{"href":"https:\/\/stg.ccra-acrc.ca\/fr\/wp-json\/wp\/v2\/pages"}],"about":[{"href":"https:\/\/stg.ccra-acrc.ca\/fr\/wp-json\/wp\/v2\/types\/page"}],"author":[{"embeddable":true,"href":"https:\/\/stg.ccra-acrc.ca\/fr\/wp-json\/wp\/v2\/users\/4"}],"replies":[{"embeddable":true,"href":"https:\/\/stg.ccra-acrc.ca\/fr\/wp-json\/wp\/v2\/comments?post=2706"}],"version-history":[{"count":0,"href":"https:\/\/stg.ccra-acrc.ca\/fr\/wp-json\/wp\/v2\/pages\/2706\/revisions"}],"wp:attachment":[{"href":"https:\/\/stg.ccra-acrc.ca\/fr\/wp-json\/wp\/v2\/media?parent=2706"}],"curies":[{"name":"wp","href":"https:\/\/api.w.org\/{rel}","templated":true}]}}